{"id":1437,"date":"2023-02-27T11:54:05","date_gmt":"2023-02-27T17:54:05","guid":{"rendered":"https:\/\/foriu.mx\/?page_id=1437"},"modified":"2025-10-19T21:46:58","modified_gmt":"2025-10-20T02:46:58","slug":"aviso-de-privacidad","status":"publish","type":"page","link":"https:\/\/foriu.com\/co\/aviso-de-privacidad\/","title":{"rendered":"Aviso de Privacidad"},"content":{"rendered":"\t\t<div data-elementor-type=\"wp-page\" data-elementor-id=\"1437\" class=\"elementor elementor-1437\" data-elementor-settings=\"{&quot;ha_cmc_init_switcher&quot;:&quot;no&quot;}\" data-elementor-post-type=\"page\">\n\t\t\t\t\t\t<section class=\"elementor-section elementor-top-section elementor-element elementor-element-c26b081 elementor-section-full_width elementor-section-content-middle elementor-reverse-tablet elementor-reverse-mobile elementor-section-height-default elementor-section-height-default\" data-id=\"c26b081\" data-element_type=\"section\">\n\t\t\t\t\t\t<div class=\"elementor-container elementor-column-gap-no\">\n\t\t\t\t\t<div class=\"elementor-column elementor-col-50 elementor-top-column elementor-element elementor-element-66ac1e1\" data-id=\"66ac1e1\" data-element_type=\"column\">\n\t\t\t<div class=\"elementor-widget-wrap elementor-element-populated\">\n\t\t\t\t\t\t<div class=\"elementor-element elementor-element-fa80acb animated-slow elementor-invisible elementor-widget elementor-widget-image\" data-id=\"fa80acb\" data-element_type=\"widget\" data-settings=\"{&quot;_animation&quot;:&quot;fadeIn&quot;,&quot;_animation_mobile&quot;:&quot;none&quot;}\" data-widget_type=\"image.default\">\n\t\t\t\t<div class=\"elementor-widget-container\">\n\t\t\t\t\t\t\t\t\t\t\t\t\t\t\t<img fetchpriority=\"high\" decoding=\"async\" width=\"930\" height=\"620\" src=\"https:\/\/foriu.com\/co\/wp-content\/uploads\/2023\/06\/maquillaje-aerografo-novias-xv-anos-eventos-sociales-valle-de-bravo-puebla-queretaro-cdmx.jpg\" class=\"attachment-full size-full wp-image-2994\" alt=\"Mujer de lado siendo peinada y maquillada en Quer\u00e9taro, sobre servicios de belleza a domicilio\" srcset=\"https:\/\/foriu.com\/co\/wp-content\/uploads\/2023\/06\/maquillaje-aerografo-novias-xv-anos-eventos-sociales-valle-de-bravo-puebla-queretaro-cdmx.jpg 930w, https:\/\/foriu.com\/co\/wp-content\/uploads\/2023\/06\/maquillaje-aerografo-novias-xv-anos-eventos-sociales-valle-de-bravo-puebla-queretaro-cdmx-300x200.jpg 300w, https:\/\/foriu.com\/co\/wp-content\/uploads\/2023\/06\/maquillaje-aerografo-novias-xv-anos-eventos-sociales-valle-de-bravo-puebla-queretaro-cdmx-768x512.jpg 768w\" sizes=\"(max-width: 930px) 100vw, 930px\" \/>\t\t\t\t\t\t\t\t\t\t\t\t\t\t\t<\/div>\n\t\t\t\t<\/div>\n\t\t\t\t\t<\/div>\n\t\t<\/div>\n\t\t\t\t<div class=\"elementor-column elementor-col-50 elementor-top-column elementor-element elementor-element-0a4bb52\" data-id=\"0a4bb52\" data-element_type=\"column\">\n\t\t\t<div class=\"elementor-widget-wrap elementor-element-populated\">\n\t\t\t\t\t\t<div class=\"elementor-element elementor-element-03528be elementor-widget elementor-widget-heading\" data-id=\"03528be\" data-element_type=\"widget\" data-widget_type=\"heading.default\">\n\t\t\t\t<div class=\"elementor-widget-container\">\n\t\t\t\t\t<h1 class=\"elementor-heading-title elementor-size-default\">Aviso de Privacidad<\/h1>\t\t\t\t<\/div>\n\t\t\t\t<\/div>\n\t\t\t\t\t<\/div>\n\t\t<\/div>\n\t\t\t\t\t<\/div>\n\t\t<\/section>\n\t\t\t\t<section class=\"elementor-section elementor-top-section elementor-element elementor-element-63eb1a6 elementor-section-full_width elementor-section-height-default elementor-section-height-default\" data-id=\"63eb1a6\" data-element_type=\"section\">\n\t\t\t\t\t\t<div class=\"elementor-container elementor-column-gap-no\">\n\t\t\t\t\t<div class=\"elementor-column elementor-col-100 elementor-top-column elementor-element elementor-element-c249972\" data-id=\"c249972\" data-element_type=\"column\">\n\t\t\t<div class=\"elementor-widget-wrap elementor-element-populated\">\n\t\t\t\t\t\t<div class=\"elementor-element elementor-element-6c48b15 elementor-widget elementor-widget-text-editor\" data-id=\"6c48b15\" data-element_type=\"widget\" data-widget_type=\"text-editor.default\">\n\t\t\t\t<div class=\"elementor-widget-container\">\n\t\t\t\t\t\t\t\t\t<p>\u00daltima actualizaci\u00f3n: Octubre, 2025<\/p>\n<p>FORIU (Edgar Meza Mitre) en cumplimiento con la Ley Federal de Protecci\u00f3n de Datos Personales en Posesi\u00f3n de Particulares, pone a su disposici\u00f3n el presente Aviso de Privacidad para informarle la forma en que recabamos, transferimos y utilizamos su informaci\u00f3n confidencial.<\/p>\n<p>Este Aviso de Privacidad se encuentra disponible en nuestro Sitio Web y Aplicaci\u00f3n.<\/p>\n<p>DEFINICIONES<\/p>\n<p>a) Aplicaci\u00f3n. Es la plataforma electr\u00f3nica propiedad de FORIU y que pone a su disposici\u00f3n para el uso de los servicios proporcionados por FORIU.<br>b) Datos personales. Cualquier informaci\u00f3n relacionada que pertenezca a cualquier persona f\u00edsica identificada o que pueda identificarse.<br>c) Encargado. Persona f\u00edsica o jur\u00eddica, p\u00fablica o privada, ajena a la organizaci\u00f3n del responsable, que sola o conjuntamente con otras trate datos personales a nombre y por cuenta de FORIU.<br>d) Legislaci\u00f3n Vigente Aplicable o Ley. Ley Federal de Protecci\u00f3n de Datos Personales en Posesi\u00f3n de Particulares, su reglamento, as\u00ed como a cualquier ordenamiento jur\u00eddico que regule la obtenci\u00f3n, almacenamiento y transmisi\u00f3n de Datos Personales.<br>e) Titular. Se refiere a usted, propietario de los Datos Personales.<br>f) Aplicaci\u00f3n o App. Aplicaci\u00f3n m\u00f3vil disponible para Android y iOS propiedad de FORIU y la cual pone a su disposici\u00f3n.<br>g) Sitio Web: www.foriu.com\/co<\/p>\n<p>\u00bfCON QUE FINALIDAD RECABAMOS SUS DATOS PERSONALES?<\/p>\n<p>FORIU recabar\u00e1 sus Datos Personales para proporcionar, analizar, administrar, mejorar y personalizar los servicios a trav\u00e9s de la Aplicaci\u00f3n o cualquier otro medio electr\u00f3nico y ser\u00e1n utilizados para:<\/p>\n<p>1. Almacenarlos en su base de datos y as\u00ed poder hacer uso de la Aplicaci\u00f3n.<br>2. Prestar los servicios en tiempo y forma a trav\u00e9s de la Aplicaci\u00f3n.<br>3. Almacenamiento de los datos en caso de contrataciones subsecuentes de nuevos servicios.<br>4. Realizar el cargo correspondiente para el pago de los diversos servicios que se ofrecen en la Aplicaci\u00f3n.<br>5. Enviar publicidad y estudios de mercadotecnia.<br>6. Prospecci\u00f3n comercial.<br>7. Prevenir, detectar e investigar actividades potencialmente prohibidas o ilegales, como el fraude, y hacer cumplir los T\u00e9rminos y Condiciones de la Plataforma.<br>8. Analizar y entender sus preferencias para mejorar el servicio y optimizar la selecci\u00f3n de contenidoComunicarse con usted en relaci\u00f3n con nuestro servicio, para poder enviarle noticias sobre FORIU, detalles sobre nuevas funciones, contenidos disponibles, ofertas especiales, anuncios promocionales y encuestas para consumidores, y para ayudarlo con solicitudes operativas, como restablecer su contrase\u00f1a.<\/p>\n<p>\u00bfQU\u00c9 DATOS PERSONALES RECABAREMOS?<\/p>\n<p>Para dar cumplimiento con lo establecido en el inciso anterior FORIU recabara a trav\u00e9s de la App al momento de realizar su registro, la siguiente informaci\u00f3n:<\/p>\n<p>Datos de identificaci\u00f3n<br>Nombre (s)<br>Apellidos<br>Fecha de nacimientoG\u00e9nero<br>Datos de contacto<br>N\u00famero de celular<br>Direcci\u00f3nGeolocalizaci\u00f3n e IP<br>Datos bancarios<br>Informaci\u00f3n de tarjetas de cr\u00e9dito o d\u00e9bito para procesar pagos<br>Otros<br>Fotograf\u00eda del Cliente<\/p>\n<p>\u00bfA QUIEN TRANSFERIREMOS SUS DATOS PERSONALES?<\/p>\n<p>A efecto de estar en posibilidad de dar cumplimiento a las finalidades previstas en este Aviso de Privacidad, cuando a juicio de FORIU sea necesario, se podr\u00e1 efectuar la transferencia de algunos de sus Datos Personales a favor de terceros, comprometi\u00e9ndose en todo caso FORIU a velar por el cumplimiento de los principios de protecci\u00f3n de Datos Personales establecidos en la Ley y a tomar las medidas necesarias y suficientes para garantizar que tanto la Ley como este Aviso de Privacidad sean respetados en todo momento por \u00e9l o los terceros a los que FORIU transfiera los Datos Personales.<\/p>\n<p>En este sentido, FORIU podr\u00e1 realizar la transferencia de sus Datos Personales, entre otros, a sus empresas subsidiarias y afiliadas, autoridades y a terceros prestadores de los servicios necesarios para su debida operaci\u00f3n y para el cumplimiento de las finalidades previstas en el presente Aviso de Privacidad.<\/p>\n<p>Las personas f\u00edsicas o morales a las que FORIU haga transferencia de sus Datos Personales tendr\u00e1n la misma calidad de Encargados que FORIU y se comprometen a dar cumplimiento a lo establecido en el presente Aviso de Privacidad.<\/p>\n<p>FORIU podr\u00e1 llevar a cabo la transferencia de sus Datos Personales sin su consentimiento para dar cumplimiento a cualquier Ley, mandato judicial o por requerimiento de autoridad competente.<\/p>\n<p>\u00bfQUIERES EJERCER SUS DERECHOS ARCO?<\/p>\n<p>Si usted quiere ejercer sus derechos ARCO respecto a sus Datos Personales que est\u00e9n en posesi\u00f3n de FORIU lo podr\u00e1 realizar enviando la solicitud para ejercer sus derechos ARCO, a nuestro correo electr\u00f3nico: colombia@foriu.com.<\/p>\n<p>Usted podr\u00e1 obtener el formato para ejercer sus derechos ARCO dando clic aqu\u00ed o bien a trav\u00e9s del env\u00edo de correo electr\u00f3nico a la siguiente direcci\u00f3n: colombia@foriu.com.<\/p>\n<p>Para responder a su solicitud FORIU tendr\u00e1 un plazo de veinte (20) d\u00edas h\u00e1biles contados a partir de la fecha en que recibi\u00f3 la solicitud para responder. Si la solicitud es procedente, se har\u00e1 efectiva dentro de los quince (15) d\u00edas h\u00e1biles siguientes a la fecha en que se le haya comunicado la respuesta anterior. Estos plazos podr\u00e1n ser ampliados por una sola vez y por un periodo igual, cuando las circunstancias del caso lo ameriten. La entrega de informaci\u00f3n proceder\u00e1 previa acreditaci\u00f3n de su identidad o de su representante legal, seg\u00fan corresponda. Si Usted deseara revocar el consentimiento otorgado para el tratamiento de datos personales por parte de FORIU lo deber\u00e1 informar a \u00e9sta por escrito de la misma manera.<\/p>\n<p>Al momento en que Usted haga la revocaci\u00f3n del Uso de sus Datos Personales existe la posibilidad de que FORIU no pueda seguir prestando sus Servicios o Productos.<\/p>\n<p>\u00bfQUIERES LIMITAR EL USO DE SUS DATOS PERSONALES?<\/p>\n<p>Si desea limitar el uso o divulgaci\u00f3n de su informaci\u00f3n personal en nuestra posesi\u00f3n, deber\u00e1 enviar un correo electr\u00f3nico a la siguiente direcci\u00f3n: colombia@foriu.com. con el asunto \u201cSOLICITUD DE LIMITACI\u00d3N O DIVULGACI\u00d3N DE DATOS PERSONALES\u201d.<\/p>\n<p>Adicionalmente deber\u00e1 contener la siguiente informaci\u00f3n.<\/p>\n<p>1.- Nombre del Titular.<br>2.- Declaraci\u00f3n de hechos (explicaci\u00f3n breve y solicitud).<br>3.- Domicilio de Titular o direcci\u00f3n de correo electr\u00f3nico para comunicar respuesta a solicitud.<br>4.- Documentos que acrediten identidad o personalidad para presentar la solicitud (INE, Pasaporte, Poder Notarial, etc.)<\/p>\n<p>\u00bfQU\u00c9 PASA CON EL USO DE COOKIES?<\/p>\n<p>Nuestro Sitio Web utiliza cookies, web beacons y otras tecnolog\u00edas a trav\u00e9s de las cuales es posible monitorear su comportamiento como usuario de internet, brindarle un mejor servicio y experiencia de usuario al navegar en el Sitio Web, as\u00ed como ofrecerle nuevos productos y servicios basados en sus preferencias. Los datos personales que obtenemos de estas tecnolog\u00edas de rastreo son los siguientes: horario de navegaci\u00f3n, tiempo de navegaci\u00f3n en nuestra p\u00e1gina de internet, secciones consultadas, y p\u00e1ginas de internet accedidas previo a la nuestra.<\/p>\n<p>ACEPTACI\u00d3N<\/p>\n<p>Al ponerse a disposici\u00f3n el presente Aviso de Privacidad y la no manifestaci\u00f3n de oposici\u00f3n alguna por el Titular, se entender\u00e1 que el Titular otorga a FORIU su consentimiento para llevar a cabo el tratamiento de los Datos Personales que hubieran sido proporcionados y\/o los que con motivo de alguna de las finalidades establecidas en el presente proporcione en lo futuro.<\/p>\n<p>\u00bfQU\u00c9 PASA SI MODIFICAMOS EL AVISO DE PRIVACIDAD?<\/p>\n<p>Nos reservamos el derecho de efectuar en cualquier momento modificaciones o actualizaciones al presente Aviso de Privacidad, para la atenci\u00f3n de novedades legislativas, pol\u00edticas internas o nuevos requerimientos para la prestaci\u00f3n u ofrecimiento de nuestros servicios o productos. FORIU podr\u00e1 notificarle sobre los cambios al Aviso de Privacidad por los siguientes medios:<\/p>\n<p>P\u00e1gina Web<br>Notificaci\u00f3n por escrito a su correo electr\u00f3nico.<\/p>\n<p>NOS QUIERES CONTACTAR<br>Correo: colombia@foriu.com<br>Tel\u00e9fono: +52 55 1590 1584<\/p>\t\t\t\t\t\t\t\t<\/div>\n\t\t\t\t<\/div>\n\t\t\t\t\t<\/div>\n\t\t<\/div>\n\t\t\t\t\t<\/div>\n\t\t<\/section>\n\t\t\t\t<\/div>\n\t\t","protected":false},"excerpt":{"rendered":"<p>Aviso de Privacidad \u00daltima actualizaci\u00f3n: Octubre, 2025 FORIU (Edgar Meza Mitre) en cumplimiento con la Ley Federal de Protecci\u00f3n de Datos Personales en Posesi\u00f3n de Particulares, pone a su disposici\u00f3n el presente Aviso de Privacidad para informarle la forma en que recabamos, transferimos y utilizamos su informaci\u00f3n confidencial. Este Aviso de Privacidad se encuentra disponible [&hellip;]<\/p>\n","protected":false},"author":3,"featured_media":0,"parent":0,"menu_order":0,"comment_status":"closed","ping_status":"closed","template":"","meta":{"_acf_changed":false,"footnotes":""},"class_list":["post-1437","page","type-page","status-publish","hentry"],"acf":[],"_links":{"self":[{"href":"https:\/\/foriu.com\/co\/wp-json\/wp\/v2\/pages\/1437","targetHints":{"allow":["GET"]}}],"collection":[{"href":"https:\/\/foriu.com\/co\/wp-json\/wp\/v2\/pages"}],"about":[{"href":"https:\/\/foriu.com\/co\/wp-json\/wp\/v2\/types\/page"}],"author":[{"embeddable":true,"href":"https:\/\/foriu.com\/co\/wp-json\/wp\/v2\/users\/3"}],"replies":[{"embeddable":true,"href":"https:\/\/foriu.com\/co\/wp-json\/wp\/v2\/comments?post=1437"}],"version-history":[{"count":3,"href":"https:\/\/foriu.com\/co\/wp-json\/wp\/v2\/pages\/1437\/revisions"}],"predecessor-version":[{"id":9203,"href":"https:\/\/foriu.com\/co\/wp-json\/wp\/v2\/pages\/1437\/revisions\/9203"}],"wp:attachment":[{"href":"https:\/\/foriu.com\/co\/wp-json\/wp\/v2\/media?parent=1437"}],"curies":[{"name":"wp","href":"https:\/\/api.w.org\/{rel}","templated":true}]}}