{"id":1447,"date":"2023-02-27T12:25:16","date_gmt":"2023-02-27T18:25:16","guid":{"rendered":"https:\/\/foriu.mx\/?page_id=1447"},"modified":"2025-10-07T17:14:53","modified_gmt":"2025-10-07T23:14:53","slug":"terminos-y-condiciones","status":"publish","type":"page","link":"https:\/\/foriu.com\/co\/terminos-y-condiciones\/","title":{"rendered":"T\u00e9rminos y Condiciones"},"content":{"rendered":"\t\t<div data-elementor-type=\"wp-page\" data-elementor-id=\"1447\" class=\"elementor elementor-1447\" data-elementor-settings=\"{&quot;ha_cmc_init_switcher&quot;:&quot;no&quot;}\" data-elementor-post-type=\"page\">\n\t\t\t\t\t\t<section class=\"elementor-section elementor-top-section elementor-element elementor-element-c26b081 elementor-section-full_width elementor-section-content-middle elementor-reverse-tablet elementor-reverse-mobile elementor-section-height-default elementor-section-height-default\" data-id=\"c26b081\" data-element_type=\"section\">\n\t\t\t\t\t\t<div class=\"elementor-container elementor-column-gap-no\">\n\t\t\t\t\t<div class=\"elementor-column elementor-col-50 elementor-top-column elementor-element elementor-element-66ac1e1\" data-id=\"66ac1e1\" data-element_type=\"column\">\n\t\t\t<div class=\"elementor-widget-wrap elementor-element-populated\">\n\t\t\t\t\t\t<div class=\"elementor-element elementor-element-fa80acb animated-slow elementor-invisible elementor-widget elementor-widget-image\" data-id=\"fa80acb\" data-element_type=\"widget\" data-settings=\"{&quot;_animation&quot;:&quot;fadeIn&quot;,&quot;_animation_mobile&quot;:&quot;none&quot;}\" data-widget_type=\"image.default\">\n\t\t\t\t<div class=\"elementor-widget-container\">\n\t\t\t\t\t\t\t\t\t\t\t\t\t\t\t<img fetchpriority=\"high\" decoding=\"async\" width=\"930\" height=\"620\" src=\"https:\/\/foriu.com\/co\/wp-content\/uploads\/2023\/06\/peinado-suelto-novias-xv-anos-eventos-sociales-valle-de-bravo-puebla-queretaro-cdmx.jpg\" class=\"attachment-full size-full wp-image-2993\" alt=\"Mujer de frente siendo peinada y maquillada en puebla, sobre servicios de belleza a domicilio\" srcset=\"https:\/\/foriu.com\/co\/wp-content\/uploads\/2023\/06\/peinado-suelto-novias-xv-anos-eventos-sociales-valle-de-bravo-puebla-queretaro-cdmx.jpg 930w, https:\/\/foriu.com\/co\/wp-content\/uploads\/2023\/06\/peinado-suelto-novias-xv-anos-eventos-sociales-valle-de-bravo-puebla-queretaro-cdmx-300x200.jpg 300w, https:\/\/foriu.com\/co\/wp-content\/uploads\/2023\/06\/peinado-suelto-novias-xv-anos-eventos-sociales-valle-de-bravo-puebla-queretaro-cdmx-768x512.jpg 768w\" sizes=\"(max-width: 930px) 100vw, 930px\" \/>\t\t\t\t\t\t\t\t\t\t\t\t\t\t\t<\/div>\n\t\t\t\t<\/div>\n\t\t\t\t\t<\/div>\n\t\t<\/div>\n\t\t\t\t<div class=\"elementor-column elementor-col-50 elementor-top-column elementor-element elementor-element-0a4bb52\" data-id=\"0a4bb52\" data-element_type=\"column\">\n\t\t\t<div class=\"elementor-widget-wrap elementor-element-populated\">\n\t\t\t\t\t\t<div class=\"elementor-element elementor-element-03528be elementor-widget elementor-widget-heading\" data-id=\"03528be\" data-element_type=\"widget\" data-widget_type=\"heading.default\">\n\t\t\t\t<div class=\"elementor-widget-container\">\n\t\t\t\t\t<h1 class=\"elementor-heading-title elementor-size-default\">T\u00e9rminos y Condiciones<\/h1>\t\t\t\t<\/div>\n\t\t\t\t<\/div>\n\t\t\t\t\t<\/div>\n\t\t<\/div>\n\t\t\t\t\t<\/div>\n\t\t<\/section>\n\t\t\t\t<section class=\"elementor-section elementor-top-section elementor-element elementor-element-63eb1a6 elementor-section-full_width elementor-section-height-default elementor-section-height-default\" data-id=\"63eb1a6\" data-element_type=\"section\">\n\t\t\t\t\t\t<div class=\"elementor-container elementor-column-gap-no\">\n\t\t\t\t\t<div class=\"elementor-column elementor-col-100 elementor-top-column elementor-element elementor-element-c249972\" data-id=\"c249972\" data-element_type=\"column\">\n\t\t\t<div class=\"elementor-widget-wrap elementor-element-populated\">\n\t\t\t\t\t\t<div class=\"elementor-element elementor-element-6c48b15 elementor-widget elementor-widget-text-editor\" data-id=\"6c48b15\" data-element_type=\"widget\" data-widget_type=\"text-editor.default\">\n\t\t\t\t<div class=\"elementor-widget-container\">\n\t\t\t\t\t\t\t\t\t<p>En vigencia a partir del d\u00eda 10 de octubre del 2025.<\/p>\n<p>Contenido<br>1. INTRODUCCI\u00d3N.<br>2. FUNCIONAMIENTO DE LA APLICACI\u00d3N.<br>3. PAGO DE IMPUESTOS.<br>4. ALCANCE DE LOS SERVICIOS.<br>5. REGISTRO Y ACCESO.<br>6. CANCELACI\u00d3N DE CUENTA.<br>7. SERVICIOS MENORES DE EDAD.<br>8. OBLIGACIONES DEL CLIENTE.<br>9. CONDICIONES DE PAGO.<br>10. CANCELACI\u00d3N.<br>11. C\u00d3DIGO DE REFERIDO.<br>12. C\u00d3DIGOS PROMOCIONALES.<br>13. LIMITACI\u00d3N DE RESPONSABILIDAD.<br>14. DERECHOS DE AUTOR Y PROPIEDAD INDUSTRIAL.<br>15. EQUIPO DE FORIU.<br>16. RENUNCIA DE GARANT\u00cdA.<br>17. INDEMNIZACI\u00d3N.<br>18. SUSPENSI\u00d3N Y RESCISI\u00d3N.<br>19. CESI\u00d3N.<br>20. LEY APLICABLE Y JURISDICCI\u00d3N.<\/p>\n<p>1. INTRODUCCI\u00d3N<br>Bienvenidos a los T\u00e9rminos y Condiciones de Uso (en adelante los \u201cT\u00e9rminos y Condiciones\u00bb) que regulan la descarga, navegaci\u00f3n y uso de la aplicaci\u00f3n m\u00f3vil (la \u201cAplicaci\u00f3n\u201d) puesta a disposici\u00f3n por \u201cFORIU\u201d la cual puede ser descargada a trav\u00e9s de los sistemas operativos Android y iOS.Estos T\u00e9rminos y Condiciones tambi\u00e9n regulan el contenido de la Aplicaci\u00f3n disponible en sitios web de terceros y redes sociales.<br>Estos T\u00e9rminos y Condiciones constituyen un acuerdo vinculante entre cualquier persona f\u00edsica o moral (en adelante \u201cCliente\u201d) que descargue, navegue y haga uso de la Aplicaci\u00f3n y FORIU. Se entienden por aceptados estos T\u00e9rminos y Condiciones por parte del Cliente cada vez que estedescargue y\/o acceda a la Aplicaci\u00f3n, y\/o contrate cualquiera de los Servicios ofertados en la aplicaci\u00f3n.<br>Cualquier modificaci\u00f3n a los presentes T\u00e9rminos y Condiciones ser\u00e1 realizada por FORIU, cuando as\u00ed lo considere apropiado, siendo exclusiva responsabilidad del Cliente asegurarse de tener conocimiento de tales modificaciones.<br>La Aplicaci\u00f3n es una Plataforma que tiene como finalidad agendar citas para la prestaci\u00f3n de Servicios de belleza para hombres, mujeres y ni\u00f1os a domicilio los cuales ser\u00e1n prestados por personas especialistas (\u201cEstilistas\u201d) que comisionan a FORIU para que este haga la gesti\u00f3n de citas ypagos.<br>El Cliente debe poseer la edad m\u00ednima de 18 (dieciocho) a\u00f1os, necesaria para hacer uso de la Aplicaci\u00f3n. En caso de no cumplir con la edad m\u00ednima, los Servicios deber\u00e1n ser contratados por el tutor y ser\u00e1 total responsabilidad de este supervisar la prestaci\u00f3n de los Servicios. El Clientees el \u00fanico responsable por la falsedad de los datos que ingrese a la Aplicaci\u00f3n al momento de navegar y hacer uso de ella.<\/p>\n<p>2. FUNCIONAMIENTO DE LA APLICACI\u00d3N<br>Cada Servicio disponible en la aplicaci\u00f3n contiene una descripci\u00f3n del mismo (duraci\u00f3n, costo y caracter\u00edsticas del Servicio). El Estilista prestar\u00e1 el Servicio conforme a lo descrito en la Aplicaci\u00f3n.<br>Para contratar cualquiera de los Servicios el Cliente deber\u00e1 contar con una cuenta activa dentro de la Aplicaci\u00f3n. Una vez que haya accedido a su cuenta deber\u00e1 seleccionar el Servicio requerido, ingresar fecha y hora de preferencia para la prestaci\u00f3n del Servicio as\u00ed c\u00f3mo la direcci\u00f3n enla cual desea recibir el Servicio. Para finalizar la solicitud el Cliente deber\u00e1 ingresar un m\u00e9todo de pago (tarjeta de cr\u00e9dito o d\u00e9bito) v\u00e1lido y vigente.<br>FORIU a nombre y cuenta del Estilista deber\u00e1 aceptar el Servicio solicitado y cuando lo hayan confirmado, FORIU enviar\u00e1 al Cliente un correo electr\u00f3nico y notificaci\u00f3n push con la confirmaci\u00f3n del mismo, en donde se indicar\u00e1 a manera de confirmaci\u00f3n fecha y lugar del Servicio, laconfirmaci\u00f3n tambi\u00e9n incluir\u00e1 el nombre del profesionista que realizar\u00e1 el Servicio.<br>En caso de existir alg\u00fan error en la confirmaci\u00f3n es obligaci\u00f3n del Cliente informar inmediatamente a FORIU para que se realice la correcci\u00f3n a trav\u00e9s de los datos de contacto.<\/p>\n<p>3. PAGO DE IMPUESTOS<br>Los costos de los servicios incluyen el impuesto correspondiente, en caso de que el Cliente requiera el comprobante fiscal correspondiente deber\u00e1 solicitarlo a trav\u00e9s del correo de contacto colombia@foriu.com, indicando su informaci\u00f3n fiscal para la debida generaci\u00f3n.<\/p>\n<p>4. ALCANCE DE LOS SERVICIOS<br>El Cliente deber\u00e1 seleccionar su ubicaci\u00f3n dentro del pol\u00edgono de servicios de FORIU, para poder visualizar los Servicios disponibles en su \u00e1rea. En todo momento es obligaci\u00f3n del Cliente mantener actualizada esta informaci\u00f3n.<\/p>\n<p>5. REGISTRO Y ACCESO<br>Para solicitar los Servicios disponibles en la Aplicaci\u00f3n el Cliente deber\u00e1 crear una cuenta (en adelante \u201cCuenta\u201d) dentro de la Aplicaci\u00f3n. El Cliente deber\u00e1 completar todos los campos del formulario de inscripci\u00f3n con la siguiente informaci\u00f3n: nombre, correo electr\u00f3nico, g\u00e9nero, n\u00famerode celular y fecha de nacimiento. Todos los datos personales que los Clientes proporcionen a trav\u00e9s de la Aplicaci\u00f3n est\u00e1n protegidos con apego a la Ley Federal de Protecci\u00f3n de Datos Personales en Posesi\u00f3n de los Particulares. El Cliente podr\u00e1 consultar en todo momento nuestro Aviso de Privacidad disponible en la Aplicaci\u00f3n y el Sitio Web.<br>El Cliente se compromete a mantener la informaci\u00f3n en su Cuenta de forma exacta, completa y actualizada.<br>El Cliente es responsable de toda la actividad que ocurre en su Cuenta y se compromete a mantener en todo momento de forma segura y secreta el nombre de Cliente y la contrase\u00f1a de su Cuenta.<br>El Cliente no podr\u00e1 realizar por ninguna raz\u00f3n cualquiera de las siguientes acciones al momento de su registro: i) utilizar el correo electr\u00f3nico de otra persona para la creaci\u00f3n de la Cuenta; ii) utilizar como nombre de Cliente, un nombre sujeto a derechos de otra persona sin contar conla debida autorizaci\u00f3n; iii) utilizar, sin la debida autorizaci\u00f3n, la Cuenta de otro Cliente; iv) utilizar, sin la debida autorizaci\u00f3n, informaci\u00f3n de otro Cliente como propia ;v) utilizar la Aplicaci\u00f3n o los Servicios de la Aplicaci\u00f3n para contratar o solicitar a otros Clientes con finalidades diferentes a las previstas en estos T\u00e9rminos y Condiciones.<\/p>\n<p>6. CANCELACI\u00d3N DE CUENTA<br>El Cliente podr\u00e1 cancelar su Cuenta en cualquier momento, solo deber\u00e1 enviar un correo a la siguiente direcci\u00f3n electr\u00f3nica: colombia@foriu.com El correo deber\u00e1 contener la solicitud de cancelaci\u00f3n y los datos de la cuenta (nombre de Cliente y direcci\u00f3n de correo electr\u00f3nico).<br>FORIU se reserva el derecho de cancelar la Cuenta de cualquier Cliente que no cumpla con estos T\u00e9rminos y Condiciones, del mismo modo podr\u00e1 cancelar la Cuenta de cualquier Cliente si este realiza un uso abusivo, malintencionado o de mala fe de la Plataforma o si actu\u00f3 de manera agresiva oinadecuada al momento de recibir la prestaci\u00f3n del Servicio por parte del equipo de FORIU.<\/p>\n<p>7. SERVICIOS MENORES DE EDAD<br>A trav\u00e9s de la Plataforma se podr\u00e1n contratar Servicios para menores de edad, los Servicios ser\u00e1n contratados a trav\u00e9s de la Cuenta que el tutor tenga a su nombre. El equipo de FORIU no atender\u00e1 a menores de edad que no est\u00e9n acompa\u00f1ados por su tutor el cual ser\u00e1 responsable de losservicios y de la satisfacci\u00f3n de los mismos.<br>En caso de que el menor no se encuentre acompa\u00f1ado de su tutor, el equipo de FORIU no podr\u00e1 prestar el Servicio y se aplicar\u00e1 las pol\u00edticas de cancelaci\u00f3n.<\/p>\n<p>8. OBLIGACIONES DEL CLIENTE<br>Son obligaciones del Cliente de manera enunciativa pero no limitativa: (i) cubrir el costo total del Servicio requerido, (ii) proveer datos ver\u00eddicos como, nombre, datos de contacto y direcci\u00f3n de la ubicaci\u00f3n donde se llevar\u00e1 a cabo el Servicio as\u00ed como la existencia de cualquierpreferencia o especificaci\u00f3n para que el equipo de FORIU pueda llevar a cabo el Servicio de manera puntual y eficiente, (iii) no utilizar la Aplicaci\u00f3n con fines il\u00edcitos, (iv) preservar de manera confidencial los datos de los miembros del equipo de FORIU y no revelarlos ni darles tratamiento no autorizado por FORIU (v) asumir todo el riesgo y responsabilidad por el incumplimiento de estas obligaciones.<\/p>\n<p>9. CONDICIONES DE PAGO<br>Para poder agendar y proceder a la prestaci\u00f3n de cualquier Servicio, FORIU realizar\u00e1 el cobro total del Servicio solicitado al momento de realizar la solicitud.<br>Todos los cargos realizados son pagaderos inmediatamente y el pago se facilitar\u00e1 por FORIU. Si se determina que el m\u00e9todo de pago de su Cuenta principal ha caducado, es inv\u00e1lido o de otro modo no sirve para cobrarle, usted acepta que FORIU, utilice un m\u00e9todo de pago secundario en suCuenta, si este estuviera disponible.<br>Los precios de los Servicios ya incluyen todos los impuestos correspondientes.<\/p>\n<p>10. CANCELACI\u00d3N<br>El Cliente podr\u00e1 cancelar cualquier Servicio sin ning\u00fan costo hasta 12 (doce) horas previas a la hora pactada para la prestaci\u00f3n del Servicio solicitado por el Cliente.<br>En caso de que el Cliente cancele el Servicio 12 (doce) a 6 (seis) horas antes de la hora pactada para la prestaci\u00f3n del Servicio, FORIU le realizar\u00e1 al Cliente un cobro equivalente al 50% (cincuenta por ciento) del valor total del Servicio cancelado. Si el Cliente cancela el Servicio durante las 6 (seis) horas o menos anteriores a la hora pactada para la prestaci\u00f3n del Servicio, FORIU cobrar\u00e1 el 100% (cien por ciento) del valor total del Servicio cancelado por el Cliente.<br>Si el Cliente no est\u00e1 disponible en el lugar y hora pactada a trav\u00e9s de la Aplicaci\u00f3n para la prestaci\u00f3n de los Servicios, se tomar\u00e1 como cancelado el Servicio y se proceder\u00e1 arealizar el cobro del 100% (cien por ciento) del valor total del Servicio.<\/p>\n<p>11. C\u00d3DIGOS PROMOCIONALES<\/p><p>FORIU podr\u00e1, a su entera discreci\u00f3n, crear C\u00f3digos Promocionales que podr\u00e1n ser canjeados por cr\u00e9dito de Cuenta u otros elementos o beneficios relacionados con los Servicios. El C\u00f3digo Promocional debe ser introducido en el apartado correspondiente al confirmar la prestaci\u00f3n del Servicio.<br>Cada C\u00f3digo Promocional tiene un porcentaje de descuento al valor total de los Servicios y una fecha de caducidad. El C\u00f3digo Promocional estar\u00e1 a disposici\u00f3n del Cliente durante el proceso de confirmaci\u00f3n del Servicio, siempre y cuando no haya pasado la fecha y hora de caducidad del mismo.<br>El valor del C\u00f3digo Promocional ser\u00e1 descontado del valor total del Servicio contratado, pero no se aplicar\u00e1 sobre los gastos extra que pudiera incluir dicho Servicio ni por concepto de transacci\u00f3n o traslado.<br>Los C\u00f3digos Promocionales no son acumulables. En caso de que el Cliente disponga de m\u00e1s de un C\u00f3digo Promocional, s\u00f3lo podr\u00e1 utilizar uno por cada Servicio contratado.<br>El C\u00f3digo Promocional no se podr\u00e1 utilizar parcialmente. Es decir, si el precio del Servicio es inferior al valor del C\u00f3digo Promocional, el valor excedente se perder\u00e1 y no se podr\u00e1 utilizar en ning\u00fan otro Servicio.<br>En caso de cancelaci\u00f3n de un Servicio contratado con un C\u00f3digo Promocional, dicho C\u00f3digo perder\u00e1 validez y no podr\u00e1 usarse nuevamente.<br>El Cliente deber\u00e1 tener en cuenta que el C\u00f3digo Promocional mantendr\u00e1 su fecha de caducidad, por lo que, si la fecha de caducidad del C\u00f3digo Promocional es anterior a la fecha de cancelaci\u00f3n del Servicio el Cliente perder\u00e1 el C\u00f3digo Promocional.<br>FORIU podr\u00e1 cancelar cualquier C\u00f3digo Promocional, a su entera discreci\u00f3n por cualquier motivo y sin previo aviso a los Clientes.<\/p>\n<p>12. LIMITACI\u00d3N DE RESPONSABILIDAD<br>FORIU no est\u00e1 involucrado en ninguna transacci\u00f3n entre Estilistas y Clientes, sino que se limita a ponerlos en contacto. FORIU no es una consultora ni agencia de empleo y, por lo tanto, no se responsabiliza por los t\u00e9rminos de contrataci\u00f3n pactados entre Estilistas y Clientes en formaposterior y diversa a la conexi\u00f3n realizada a trav\u00e9s de la Plataforma. En caso de surgir una relaci\u00f3n laboral entre los Estilistas y el Cliente, \u00e9ste \u00faltimo ser\u00e1 el \u00fanico responsable de cumplir con toda la normativa laboral y de seguridad social que resultare aplicable.<br>El Cliente al aceptar los T\u00e9rminos y Condiciones reconoce que FORIU no ser\u00e1 responsable de ning\u00fan actuar por parte del Estilista. Por lo que en caso de que el Estilista incurra en cualquier afectaci\u00f3n hacia el Cliente el \u00fanico responsable ser\u00e1 el Estilista. Por lo que el Estilista y elCliente deber\u00e1n sacar en paz y salvo a FORIU.<\/p>\n<p>13. DERECHOS DE AUTOR Y PROPIEDAD INDUSTRIAL.<br>FORIU sus logotipos y todo el material que aparece en la Aplicaci\u00f3n, son marcas, nombres de dominio y nombres comerciales propiedad de FORIU protegidos por tratados internacionales, leyes federales y locales en materia de propiedad industrial y derechos de autor. Los derechos de autorsobre el contenido, organizaci\u00f3n, recopilaci\u00f3n, informaci\u00f3n, logotipos, fotograf\u00edas, im\u00e1genes, videos, programas, aplicaciones, o en general cualquier informaci\u00f3n contenida o publicada en la Aplicaci\u00f3n se encuentra debidamente protegida de conformidad con la legislaci\u00f3n aplicable en materia de propiedad industrial y derechos de autor.<br>Se proh\u00edbe expresamente a los Clientes, as\u00ed como a cualquier persona modificar, alterar o suprimir, ya sea en forma total o parcial, los avisos, marcas, nombres comerciales, se\u00f1as, anuncios, logotipos o en general cualquier indicaci\u00f3n que se refiere a la propiedad de informaci\u00f3n contenidaen la Aplicaci\u00f3n.<\/p>\n<p>14. EQUIPO DE FORIU<br>El equipo de FORIU estar\u00e1 integrado por estilistas que trabajan de manera independiente, los estilistas no son empleados de FORIU por lo que FORIU no es responsable frente al Cliente, ni frente a terceros por la prestaci\u00f3n de un Servicio ofrecido por los estilistas. En ning\u00fan caso y bajoninguna circunstancia, FORIU ser\u00e1 responsables por los da\u00f1os o perjuicios de cualquier tipo que surjan o que de alguna manera se relacionen con el uso o imposibilidad de usar la Aplicaci\u00f3n, incluyendo sin limitaci\u00f3n los da\u00f1os provocados por la informaci\u00f3n obtenida por FORIU, o como resultado de errores, omisiones, interrupciones, eliminaci\u00f3n de archivos o correo electr\u00f3nico, errores, defectos, virus, retrasos en la operaci\u00f3n o transmisi\u00f3n o cualquier fallo de funcionamiento, sea \u00e9ste ocasionado por desastres naturales, fallo de comunicaciones, robo, destrucci\u00f3n o acceso no autorizado a los registros de FORIU.<\/p>\n<p>15. RENUNCIA DE GARANT\u00cdA<br>Al aceptar estos T\u00e9rminos y Condiciones los Clientes aceptan que FORIU no se hace responsable ante riesgos tales como da\u00f1o f\u00edsico, da\u00f1os materiales, tratar con extra\u00f1os o personas actuando bajo apariencias falsas. Los Clientes aceptan todos los riesgos asociados con el trato con losestilistas que pueda entrar en contacto a trav\u00e9s de la Plataforma y es su responsabilidad adoptar las medidas de seguridad pertinentes.<br>FORIU no garantiza que la Aplicaci\u00f3n funcionar\u00e1 libre de errores o que la Aplicaci\u00f3n, est\u00e1 libre de virus inform\u00e1tico u otros mecanismos lesivos. Si por el uso de la Aplicaci\u00f3n tiene que acudir al Servicio t\u00e9cnico o reponer el equipo o datos, FORIU no ser\u00e1 responsable de estos gastos.FORIU recomienda a los Clientes mantener copias de seguridad de su contenido. En la medida en que lo permita la ley, en ning\u00fan caso FORIU ser\u00e1 responsable por el borrado, p\u00e9rdida o modificaci\u00f3n no autorizadas de cualquier contenido de los Clientes.<\/p>\n<p>16. INDEMNIZACI\u00d3N<br>Al hacer uso de la Aplicaciones, el Cliente est\u00e1 obligado a indemnizar a FORIU, sus accionistas, proveedores, vendedores y asesores de cualquier acci\u00f3n legal, demanda o reclamaci\u00f3n en su contra (incluyendo honorarios de abogados y costas judiciales) derivadas de cualquier incumplimiento alpresente Contrato por parte del Cliente.<\/p>\n<p>17. SUSPENSI\u00d3N Y RESCISI\u00d3N<br>FORIU se reserva el derecho a suspender los Servicios demandados por los Clientes y as\u00ed como todas las contrase\u00f1as y c\u00f3digos de acceso ante la sospecha de incumplimiento de los presentes T\u00e9rminos y Condiciones.<br>En caso de que FORIU suspendieran los Servicios a un Cliente, de conformidad con la cl\u00e1usula anterior, si se comprobara que el Cliente no incumpli\u00f3 con los T\u00e9rminos y Condiciones del presente a petici\u00f3n podr\u00e1 registrarse nuevamente en la Aplicaci\u00f3n y su petici\u00f3n quedar\u00e1 resueltainmediatamente mediante notificaci\u00f3n por escrito (incluyendo las comunicaciones por correo electr\u00f3nico) enviada por FORIU.<\/p>\n<p>18. CESI\u00d3N<br>El Cliente no podr\u00e1 ceder o transferir cualquiera de sus derechos u obligaciones respecto de estos T\u00e9rminos y Condiciones. El Cliente no podr\u00e1 directa o indirectamente acordar, asignar, ni transferir a un tercero cualquier reclamaci\u00f3n en contra de FORIU como consecuencia de estos T\u00e9rminosy Condiciones.<\/p>\n<p>19. LEY APLICABLE Y JURISDICCI\u00d3N<br>El presente Contrato se regir\u00e1 e interpretar\u00e1 de conformidad con las leyes de los Estados Unidos Mexicanos, independientemente de las disposiciones relacionadas con conflictos de leyes. Cualquier procedimiento de car\u00e1cter legal que se derive o se relacione con este Contrato ser\u00e1 dirimidoen los tribunales competentes de la Ciudad de M\u00e9xico, M\u00e9xico. Las partes del presente Contrato expresamente renuncian a cualquier otra jurisdicci\u00f3n que pudiera corresponderles en raz\u00f3n de su domicilio presente o futuro o por cualquier otra raz\u00f3n.<\/p>\t\t\t\t\t\t\t\t<\/div>\n\t\t\t\t<\/div>\n\t\t\t\t\t<\/div>\n\t\t<\/div>\n\t\t\t\t\t<\/div>\n\t\t<\/section>\n\t\t\t\t<\/div>\n\t\t","protected":false},"excerpt":{"rendered":"<p>T\u00e9rminos y Condiciones En vigencia a partir del d\u00eda 10 de octubre del 2025. Contenido1. INTRODUCCI\u00d3N.2. FUNCIONAMIENTO DE LA APLICACI\u00d3N.3. PAGO DE IMPUESTOS.4. ALCANCE DE LOS SERVICIOS.5. REGISTRO Y ACCESO.6. CANCELACI\u00d3N DE CUENTA.7. SERVICIOS MENORES DE EDAD.8. OBLIGACIONES DEL CLIENTE.9. CONDICIONES DE PAGO.10. CANCELACI\u00d3N.11. C\u00d3DIGO DE REFERIDO.12. C\u00d3DIGOS PROMOCIONALES.13. LIMITACI\u00d3N DE RESPONSABILIDAD.14. DERECHOS DE AUTOR [&hellip;]<\/p>\n","protected":false},"author":3,"featured_media":0,"parent":0,"menu_order":0,"comment_status":"closed","ping_status":"closed","template":"","meta":{"_acf_changed":false,"footnotes":""},"class_list":["post-1447","page","type-page","status-publish","hentry"],"acf":[],"_links":{"self":[{"href":"https:\/\/foriu.com\/co\/wp-json\/wp\/v2\/pages\/1447","targetHints":{"allow":["GET"]}}],"collection":[{"href":"https:\/\/foriu.com\/co\/wp-json\/wp\/v2\/pages"}],"about":[{"href":"https:\/\/foriu.com\/co\/wp-json\/wp\/v2\/types\/page"}],"author":[{"embeddable":true,"href":"https:\/\/foriu.com\/co\/wp-json\/wp\/v2\/users\/3"}],"replies":[{"embeddable":true,"href":"https:\/\/foriu.com\/co\/wp-json\/wp\/v2\/comments?post=1447"}],"version-history":[{"count":3,"href":"https:\/\/foriu.com\/co\/wp-json\/wp\/v2\/pages\/1447\/revisions"}],"predecessor-version":[{"id":9211,"href":"https:\/\/foriu.com\/co\/wp-json\/wp\/v2\/pages\/1447\/revisions\/9211"}],"wp:attachment":[{"href":"https:\/\/foriu.com\/co\/wp-json\/wp\/v2\/media?parent=1447"}],"curies":[{"name":"wp","href":"https:\/\/api.w.org\/{rel}","templated":true}]}}