{"id":4162,"date":"2024-05-28T13:20:18","date_gmt":"2024-05-28T18:20:18","guid":{"rendered":"https:\/\/foriu.mx\/?page_id=4162"},"modified":"2025-12-26T17:55:11","modified_gmt":"2025-12-26T22:55:11","slug":"unete-al-equipo-de-coaches","status":"publish","type":"page","link":"https:\/\/foriu.com\/co\/unete-al-equipo-de-coaches\/","title":{"rendered":"\u00danete al equipo de Coaches"},"content":{"rendered":"\t\t<div data-elementor-type=\"wp-page\" data-elementor-id=\"4162\" class=\"elementor elementor-4162\" data-elementor-settings=\"{&quot;ha_cmc_init_switcher&quot;:&quot;no&quot;}\" data-elementor-post-type=\"page\">\n\t\t\t\t\t\t<section class=\"elementor-section elementor-top-section elementor-element elementor-element-c26b081 elementor-section-full_width elementor-section-content-middle elementor-reverse-tablet elementor-reverse-mobile elementor-section-height-default elementor-section-height-default\" data-id=\"c26b081\" data-element_type=\"section\">\n\t\t\t\t\t\t<div class=\"elementor-container elementor-column-gap-no\">\n\t\t\t\t\t<div class=\"elementor-column elementor-col-50 elementor-top-column elementor-element elementor-element-66ac1e1\" data-id=\"66ac1e1\" data-element_type=\"column\">\n\t\t\t<div class=\"elementor-widget-wrap elementor-element-populated\">\n\t\t\t\t\t\t<div class=\"elementor-element elementor-element-fa80acb animated-slow elementor-invisible elementor-widget elementor-widget-image\" data-id=\"fa80acb\" data-element_type=\"widget\" data-settings=\"{&quot;_animation&quot;:&quot;fadeIn&quot;,&quot;_animation_mobile&quot;:&quot;none&quot;}\" data-widget_type=\"image.default\">\n\t\t\t\t<div class=\"elementor-widget-container\">\n\t\t\t\t\t\t\t\t\t\t\t\t\t\t\t<img fetchpriority=\"high\" decoding=\"async\" width=\"640\" height=\"490\" src=\"https:\/\/foriu.com\/co\/wp-content\/uploads\/2025\/12\/Maquillaje-peinado-a-domicilio-eventos-sociales-medellin-bogota-cartagena-cali-foriu.jpg\" class=\"attachment-full size-full wp-image-9780\" alt=\"Coaches Foriu posando de frente con sus herramientas para peinado y maquillaje social\" srcset=\"https:\/\/foriu.com\/co\/wp-content\/uploads\/2025\/12\/Maquillaje-peinado-a-domicilio-eventos-sociales-medellin-bogota-cartagena-cali-foriu.jpg 640w, https:\/\/foriu.com\/co\/wp-content\/uploads\/2025\/12\/Maquillaje-peinado-a-domicilio-eventos-sociales-medellin-bogota-cartagena-cali-foriu-300x230.jpg 300w\" sizes=\"(max-width: 640px) 100vw, 640px\" \/>\t\t\t\t\t\t\t\t\t\t\t\t\t\t\t<\/div>\n\t\t\t\t<\/div>\n\t\t\t\t\t<\/div>\n\t\t<\/div>\n\t\t\t\t<div class=\"elementor-column elementor-col-50 elementor-top-column elementor-element elementor-element-0a4bb52\" data-id=\"0a4bb52\" data-element_type=\"column\">\n\t\t\t<div class=\"elementor-widget-wrap elementor-element-populated\">\n\t\t\t\t\t\t<div class=\"elementor-element elementor-element-1ffabb7 elementor-widget elementor-widget-heading\" data-id=\"1ffabb7\" data-element_type=\"widget\" data-widget_type=\"heading.default\">\n\t\t\t\t<div class=\"elementor-widget-container\">\n\t\t\t\t\t<span class=\"elementor-heading-title elementor-size-default\">\u00a1Convi\u00e9rtete en coach Foriu!<\/span>\t\t\t\t<\/div>\n\t\t\t\t<\/div>\n\t\t\t\t<div class=\"elementor-element elementor-element-fce1936 elementor-widget elementor-widget-heading\" data-id=\"fce1936\" data-element_type=\"widget\" data-widget_type=\"heading.default\">\n\t\t\t\t<div class=\"elementor-widget-container\">\n\t\t\t\t\t<h1 class=\"elementor-heading-title elementor-size-default\">Si eres una persona apasionada por el mundo de la belleza, tienes habilidades y experiencia en peinado y\/o maquillaje, y quieres formar parte de una empresa innovadora, \u00a1Foriu es el lugar perfecto para ti!\u2063 <br><br>Foriu conecta a profesionales de belleza con clientes que buscan servicios de peinado y maquillaje desde la comodidad de su casa u hotel.<\/h1>\t\t\t\t<\/div>\n\t\t\t\t<\/div>\n\t\t\t\t\t<\/div>\n\t\t<\/div>\n\t\t\t\t\t<\/div>\n\t\t<\/section>\n\t\t\t\t<section class=\"elementor-section elementor-top-section elementor-element elementor-element-9b24bb6 elementor-section-full_width elementor-section-height-default elementor-section-height-default\" data-id=\"9b24bb6\" data-element_type=\"section\">\n\t\t\t\t\t\t<div class=\"elementor-container elementor-column-gap-no\">\n\t\t\t\t\t<div class=\"elementor-column elementor-col-100 elementor-top-column elementor-element elementor-element-9449a60\" data-id=\"9449a60\" data-element_type=\"column\">\n\t\t\t<div class=\"elementor-widget-wrap elementor-element-populated\">\n\t\t\t\t\t\t<div class=\"elementor-element elementor-element-953fa93 elementor-widget elementor-widget-heading\" data-id=\"953fa93\" data-element_type=\"widget\" data-widget_type=\"heading.default\">\n\t\t\t\t<div class=\"elementor-widget-container\">\n\t\t\t\t\t<span class=\"elementor-heading-title elementor-size-default\">\u00bfPor qu\u00e9 unirte a Foriu?<\/span>\t\t\t\t<\/div>\n\t\t\t\t<\/div>\n\t\t\t\t<div class=\"elementor-element elementor-element-a1f4083 elementor-align-center elementor-icon-list--layout-traditional elementor-list-item-link-full_width elementor-widget elementor-widget-icon-list\" data-id=\"a1f4083\" data-element_type=\"widget\" data-widget_type=\"icon-list.default\">\n\t\t\t\t<div class=\"elementor-widget-container\">\n\t\t\t\t\t\t\t<ul class=\"elementor-icon-list-items\">\n\t\t\t\t\t\t\t<li class=\"elementor-icon-list-item\">\n\t\t\t\t\t\t\t\t\t\t\t<span class=\"elementor-icon-list-icon\">\n\t\t\t\t\t\t\t<svg xmlns=\"http:\/\/www.w3.org\/2000\/svg\" width=\"15\" height=\"12\" viewBox=\"0 0 15 12\" fill=\"none\"><path d=\"M14.7118 0.0292512C14.9037 -0.0827415 15.1089 0.153798 14.9333 0.284791C10.8742 3.3207 7.50726 7.54004 5.18464 11.9072C5.11821 12.0317 4.91504 12.0307 4.85055 11.9055C3.50531 9.29742 1.87993 7.20152 0.0770268 6.06126C-0.0888529 5.9564 0.0362366 5.72903 0.233966 5.77654C2.11225 6.23028 4.05537 7.55787 5.01564 8.90854C7.34144 5.3551 10.6282 2.41367 14.7118 0.0292512Z\" fill=\"#697641\"><\/path><\/svg>\t\t\t\t\t\t<\/span>\n\t\t\t\t\t\t\t\t\t\t<span class=\"elementor-icon-list-text\">No pedimos exclusividad; puedes trabajar con tu cartera de clientes o en un sal\u00f3n y a la par con nosotros.<\/span>\n\t\t\t\t\t\t\t\t\t<\/li>\n\t\t\t\t\t\t\t\t<li class=\"elementor-icon-list-item\">\n\t\t\t\t\t\t\t\t\t\t\t<span class=\"elementor-icon-list-icon\">\n\t\t\t\t\t\t\t<svg xmlns=\"http:\/\/www.w3.org\/2000\/svg\" width=\"15\" height=\"12\" viewBox=\"0 0 15 12\" fill=\"none\"><path d=\"M14.7118 0.0292512C14.9037 -0.0827415 15.1089 0.153798 14.9333 0.284791C10.8742 3.3207 7.50726 7.54004 5.18464 11.9072C5.11821 12.0317 4.91504 12.0307 4.85055 11.9055C3.50531 9.29742 1.87993 7.20152 0.0770268 6.06126C-0.0888529 5.9564 0.0362366 5.72903 0.233966 5.77654C2.11225 6.23028 4.05537 7.55787 5.01564 8.90854C7.34144 5.3551 10.6282 2.41367 14.7118 0.0292512Z\" fill=\"#697641\"><\/path><\/svg>\t\t\t\t\t\t<\/span>\n\t\t\t\t\t\t\t\t\t\t<span class=\"elementor-icon-list-text\">Pagamos comisiones del 60% en adelante.<\/span>\n\t\t\t\t\t\t\t\t\t<\/li>\n\t\t\t\t\t\t\t\t<li class=\"elementor-icon-list-item\">\n\t\t\t\t\t\t\t\t\t\t\t<span class=\"elementor-icon-list-icon\">\n\t\t\t\t\t\t\t<svg xmlns=\"http:\/\/www.w3.org\/2000\/svg\" width=\"15\" height=\"12\" viewBox=\"0 0 15 12\" fill=\"none\"><path d=\"M14.7118 0.0292512C14.9037 -0.0827415 15.1089 0.153798 14.9333 0.284791C10.8742 3.3207 7.50726 7.54004 5.18464 11.9072C5.11821 12.0317 4.91504 12.0307 4.85055 11.9055C3.50531 9.29742 1.87993 7.20152 0.0770268 6.06126C-0.0888529 5.9564 0.0362366 5.72903 0.233966 5.77654C2.11225 6.23028 4.05537 7.55787 5.01564 8.90854C7.34144 5.3551 10.6282 2.41367 14.7118 0.0292512Z\" fill=\"#697641\"><\/path><\/svg>\t\t\t\t\t\t<\/span>\n\t\t\t\t\t\t\t\t\t\t<span class=\"elementor-icon-list-text\">T\u00fa decides qu\u00e9 servicios cubrir, es decir, en qu\u00e9 zonas trabajar, d\u00edas y horas.<\/span>\n\t\t\t\t\t\t\t\t\t<\/li>\n\t\t\t\t\t\t<\/ul>\n\t\t\t\t\t\t<\/div>\n\t\t\t\t<\/div>\n\t\t\t\t<div class=\"elementor-element elementor-element-0b61f9b elementor-widget elementor-widget-heading\" data-id=\"0b61f9b\" data-element_type=\"widget\" data-widget_type=\"heading.default\">\n\t\t\t\t<div class=\"elementor-widget-container\">\n\t\t\t\t\t<span class=\"elementor-heading-title elementor-size-default\">\u00bfTe interesa entrar con nosotros?<\/span>\t\t\t\t<\/div>\n\t\t\t\t<\/div>\n\t\t\t\t<div class=\"elementor-element elementor-element-eba2ef6 elementor-widget elementor-widget-heading\" data-id=\"eba2ef6\" data-element_type=\"widget\" data-widget_type=\"heading.default\">\n\t\t\t\t<div class=\"elementor-widget-container\">\n\t\t\t\t\t<h1 class=\"elementor-heading-title elementor-size-default\">Manda un mensaje al siguiente enlace llenando la informaci\u00f3n correspondiente, te llevar\u00e1 a nuestro WhatsApp de RH Foriu 55 5376 5497 y podr\u00e1s iniciar con tu proceso para formar parte del equipo de Coaches Foriu.<\/h1>\t\t\t\t<\/div>\n\t\t\t\t<\/div>\n\t\t\t\t<div class=\"elementor-element elementor-element-6b3423c elementor-align-center elementor-widget elementor-widget-button\" data-id=\"6b3423c\" data-element_type=\"widget\" data-widget_type=\"button.default\">\n\t\t\t\t<div class=\"elementor-widget-container\">\n\t\t\t\t\t\t\t\t\t<div class=\"elementor-button-wrapper\">\n\t\t\t\t\t<a class=\"elementor-button elementor-button-link elementor-size-sm elementor-animation-shrink\" href=\"https:\/\/wa.link\/ab6lqy\" target=\"_blank\" rel=\"nofollow noopener\">\n\t\t\t\t\t\t<span class=\"elementor-button-content-wrapper\">\n\t\t\t\t\t\t\t\t\t<span class=\"elementor-button-text\">Ir al WhatsApp<\/span>\n\t\t\t\t\t<\/span>\n\t\t\t\t\t<\/a>\n\t\t\t\t<\/div>\n\t\t\t\t\t\t\t\t<\/div>\n\t\t\t\t<\/div>\n\t\t\t\t\t<\/div>\n\t\t<\/div>\n\t\t\t\t\t<\/div>\n\t\t<\/section>\n\t\t\t\t<\/div>\n\t\t","protected":false},"excerpt":{"rendered":"<p>\u00a1Convi\u00e9rtete en coach Foriu! Si eres una persona apasionada por el mundo de la belleza, tienes habilidades y experiencia en peinado y\/o maquillaje, y quieres formar parte de una empresa innovadora, \u00a1Foriu es el lugar perfecto para ti!\u2063 Foriu conecta a profesionales de belleza con clientes que buscan servicios de peinado y maquillaje desde la [&hellip;]<\/p>\n","protected":false},"author":3,"featured_media":0,"parent":0,"menu_order":0,"comment_status":"closed","ping_status":"closed","template":"","meta":{"_acf_changed":false,"footnotes":""},"class_list":["post-4162","page","type-page","status-publish","hentry"],"acf":[],"_links":{"self":[{"href":"https:\/\/foriu.com\/co\/wp-json\/wp\/v2\/pages\/4162","targetHints":{"allow":["GET"]}}],"collection":[{"href":"https:\/\/foriu.com\/co\/wp-json\/wp\/v2\/pages"}],"about":[{"href":"https:\/\/foriu.com\/co\/wp-json\/wp\/v2\/types\/page"}],"author":[{"embeddable":true,"href":"https:\/\/foriu.com\/co\/wp-json\/wp\/v2\/users\/3"}],"replies":[{"embeddable":true,"href":"https:\/\/foriu.com\/co\/wp-json\/wp\/v2\/comments?post=4162"}],"version-history":[{"count":15,"href":"https:\/\/foriu.com\/co\/wp-json\/wp\/v2\/pages\/4162\/revisions"}],"predecessor-version":[{"id":9786,"href":"https:\/\/foriu.com\/co\/wp-json\/wp\/v2\/pages\/4162\/revisions\/9786"}],"wp:attachment":[{"href":"https:\/\/foriu.com\/co\/wp-json\/wp\/v2\/media?parent=4162"}],"curies":[{"name":"wp","href":"https:\/\/api.w.org\/{rel}","templated":true}]}}