{"id":702,"date":"2023-02-14T11:34:30","date_gmt":"2023-02-14T17:34:30","guid":{"rendered":"https:\/\/foriu.mx\/?page_id=702"},"modified":"2025-12-26T17:44:05","modified_gmt":"2025-12-26T22:44:05","slug":"peinado-y-maquillaje-para-boda","status":"publish","type":"page","link":"https:\/\/foriu.com\/co\/peinado-y-maquillaje-para-boda\/","title":{"rendered":"Registra tu Boda"},"content":{"rendered":"\t\t<div data-elementor-type=\"wp-page\" data-elementor-id=\"702\" class=\"elementor elementor-702\" data-elementor-settings=\"{&quot;ha_cmc_init_switcher&quot;:&quot;no&quot;}\" data-elementor-post-type=\"page\">\n\t\t\t\t\t\t<section class=\"elementor-section elementor-top-section elementor-element elementor-element-c26b081 elementor-section-full_width elementor-section-content-middle elementor-reverse-tablet elementor-reverse-mobile elementor-section-height-default elementor-section-height-default\" data-id=\"c26b081\" data-element_type=\"section\">\n\t\t\t\t\t\t<div class=\"elementor-container elementor-column-gap-no\">\n\t\t\t\t\t<div class=\"elementor-column elementor-col-50 elementor-top-column elementor-element elementor-element-66ac1e1\" data-id=\"66ac1e1\" data-element_type=\"column\">\n\t\t\t<div class=\"elementor-widget-wrap elementor-element-populated\">\n\t\t\t\t\t\t<div class=\"elementor-element elementor-element-fa80acb animated-slow elementor-invisible elementor-widget elementor-widget-image\" data-id=\"fa80acb\" data-element_type=\"widget\" data-settings=\"{&quot;_animation&quot;:&quot;fadeIn&quot;,&quot;_animation_mobile&quot;:&quot;none&quot;}\" data-widget_type=\"image.default\">\n\t\t\t\t<div class=\"elementor-widget-container\">\n\t\t\t\t\t\t\t\t\t\t\t\t\t\t\t<img fetchpriority=\"high\" decoding=\"async\" width=\"930\" height=\"620\" src=\"https:\/\/foriu.com\/co\/wp-content\/uploads\/2025\/12\/Maquillaje-peinado-a-domicilio-eventos-sociales-medellin-bogota-cartagena-foriu-img.jpg\" class=\"attachment-full size-full wp-image-9769\" alt=\"Chicas sonriendo con su peinado y maquillaje para una boda en Bogot\u00e1 a domicilio\" srcset=\"https:\/\/foriu.com\/co\/wp-content\/uploads\/2025\/12\/Maquillaje-peinado-a-domicilio-eventos-sociales-medellin-bogota-cartagena-foriu-img.jpg 930w, https:\/\/foriu.com\/co\/wp-content\/uploads\/2025\/12\/Maquillaje-peinado-a-domicilio-eventos-sociales-medellin-bogota-cartagena-foriu-img-300x200.jpg 300w, https:\/\/foriu.com\/co\/wp-content\/uploads\/2025\/12\/Maquillaje-peinado-a-domicilio-eventos-sociales-medellin-bogota-cartagena-foriu-img-768x512.jpg 768w\" sizes=\"(max-width: 930px) 100vw, 930px\" \/>\t\t\t\t\t\t\t\t\t\t\t\t\t\t\t<\/div>\n\t\t\t\t<\/div>\n\t\t\t\t\t<\/div>\n\t\t<\/div>\n\t\t\t\t<div class=\"elementor-column elementor-col-50 elementor-top-column elementor-element elementor-element-0a4bb52\" data-id=\"0a4bb52\" data-element_type=\"column\">\n\t\t\t<div class=\"elementor-widget-wrap elementor-element-populated\">\n\t\t\t\t\t\t<div class=\"elementor-element elementor-element-1ffabb7 elementor-widget elementor-widget-heading\" data-id=\"1ffabb7\" data-element_type=\"widget\" data-widget_type=\"heading.default\">\n\t\t\t\t<div class=\"elementor-widget-container\">\n\t\t\t\t\t<span class=\"elementor-heading-title elementor-size-default\">Registra tu Evento<\/span>\t\t\t\t<\/div>\n\t\t\t\t<\/div>\n\t\t\t\t<div class=\"elementor-element elementor-element-fce1936 elementor-widget elementor-widget-heading\" data-id=\"fce1936\" data-element_type=\"widget\" data-widget_type=\"heading.default\">\n\t\t\t\t<div class=\"elementor-widget-container\">\n\t\t\t\t\t<h1 class=\"elementor-heading-title elementor-size-default\">Somos tu mejor aliado en Peinado y Maquillaje para Boda, XV A\u00f1os, Graduaci\u00f3n, Cumplea\u00f1os, Aniversario o cualquier evento.<\/h1>\t\t\t\t<\/div>\n\t\t\t\t<\/div>\n\t\t\t\t<div class=\"elementor-element elementor-element-f7f7b30 elementor-icon-list--layout-traditional elementor-list-item-link-full_width elementor-widget elementor-widget-icon-list\" data-id=\"f7f7b30\" data-element_type=\"widget\" data-widget_type=\"icon-list.default\">\n\t\t\t\t<div class=\"elementor-widget-container\">\n\t\t\t\t\t\t\t<ul class=\"elementor-icon-list-items\">\n\t\t\t\t\t\t\t<li class=\"elementor-icon-list-item\">\n\t\t\t\t\t\t\t\t\t\t\t<span class=\"elementor-icon-list-icon\">\n\t\t\t\t\t\t\t<svg xmlns=\"http:\/\/www.w3.org\/2000\/svg\" width=\"15\" height=\"12\" viewBox=\"0 0 15 12\" fill=\"none\"><path d=\"M14.7118 0.0292512C14.9037 -0.0827415 15.1089 0.153798 14.9333 0.284791C10.8742 3.3207 7.50726 7.54004 5.18464 11.9072C5.11821 12.0317 4.91504 12.0307 4.85055 11.9055C3.50531 9.29742 1.87993 7.20152 0.0770268 6.06126C-0.0888529 5.9564 0.0362366 5.72903 0.233966 5.77654C2.11225 6.23028 4.05537 7.55787 5.01564 8.90854C7.34144 5.3551 10.6282 2.41367 14.7118 0.0292512Z\" fill=\"#697641\"><\/path><\/svg>\t\t\t\t\t\t<\/span>\n\t\t\t\t\t\t\t\t\t\t<span class=\"elementor-icon-list-text\">No necesitas involucrarte en nada, nosotros nos encargamos de todo.<\/span>\n\t\t\t\t\t\t\t\t\t<\/li>\n\t\t\t\t\t\t\t\t<li class=\"elementor-icon-list-item\">\n\t\t\t\t\t\t\t\t\t\t\t<span class=\"elementor-icon-list-icon\">\n\t\t\t\t\t\t\t<svg xmlns=\"http:\/\/www.w3.org\/2000\/svg\" width=\"15\" height=\"12\" viewBox=\"0 0 15 12\" fill=\"none\"><path d=\"M14.7118 0.0292512C14.9037 -0.0827415 15.1089 0.153798 14.9333 0.284791C10.8742 3.3207 7.50726 7.54004 5.18464 11.9072C5.11821 12.0317 4.91504 12.0307 4.85055 11.9055C3.50531 9.29742 1.87993 7.20152 0.0770268 6.06126C-0.0888529 5.9564 0.0362366 5.72903 0.233966 5.77654C2.11225 6.23028 4.05537 7.55787 5.01564 8.90854C7.34144 5.3551 10.6282 2.41367 14.7118 0.0292512Z\" fill=\"#697641\"><\/path><\/svg>\t\t\t\t\t\t<\/span>\n\t\t\t\t\t\t\t\t\t\t<span class=\"elementor-icon-list-text\">Atendemos en casa, hotel o Airbnb. Cada invitada elige.<\/span>\n\t\t\t\t\t\t\t\t\t<\/li>\n\t\t\t\t\t\t\t\t<li class=\"elementor-icon-list-item\">\n\t\t\t\t\t\t\t\t\t\t\t<span class=\"elementor-icon-list-icon\">\n\t\t\t\t\t\t\t<svg xmlns=\"http:\/\/www.w3.org\/2000\/svg\" width=\"15\" height=\"12\" viewBox=\"0 0 15 12\" fill=\"none\"><path d=\"M14.7118 0.0292512C14.9037 -0.0827415 15.1089 0.153798 14.9333 0.284791C10.8742 3.3207 7.50726 7.54004 5.18464 11.9072C5.11821 12.0317 4.91504 12.0307 4.85055 11.9055C3.50531 9.29742 1.87993 7.20152 0.0770268 6.06126C-0.0888529 5.9564 0.0362366 5.72903 0.233966 5.77654C2.11225 6.23028 4.05537 7.55787 5.01564 8.90854C7.34144 5.3551 10.6282 2.41367 14.7118 0.0292512Z\" fill=\"#697641\"><\/path><\/svg>\t\t\t\t\t\t<\/span>\n\t\t\t\t\t\t\t\t\t\t<span class=\"elementor-icon-list-text\">Contacto y asignaci\u00f3n de servicios preferencial.<\/span>\n\t\t\t\t\t\t\t\t\t<\/li>\n\t\t\t\t\t\t\t\t<li class=\"elementor-icon-list-item\">\n\t\t\t\t\t\t\t\t\t\t\t<span class=\"elementor-icon-list-icon\">\n\t\t\t\t\t\t\t<svg xmlns=\"http:\/\/www.w3.org\/2000\/svg\" width=\"15\" height=\"12\" viewBox=\"0 0 15 12\" fill=\"none\"><path d=\"M14.7118 0.0292512C14.9037 -0.0827415 15.1089 0.153798 14.9333 0.284791C10.8742 3.3207 7.50726 7.54004 5.18464 11.9072C5.11821 12.0317 4.91504 12.0307 4.85055 11.9055C3.50531 9.29742 1.87993 7.20152 0.0770268 6.06126C-0.0888529 5.9564 0.0362366 5.72903 0.233966 5.77654C2.11225 6.23028 4.05537 7.55787 5.01564 8.90854C7.34144 5.3551 10.6282 2.41367 14.7118 0.0292512Z\" fill=\"#697641\"><\/path><\/svg>\t\t\t\t\t\t<\/span>\n\t\t\t\t\t\t\t\t\t\t<span class=\"elementor-icon-list-text\">Coaches y equipo de atenci\u00f3n al cliente biling\u00fces.<\/span>\n\t\t\t\t\t\t\t\t\t<\/li>\n\t\t\t\t\t\t<\/ul>\n\t\t\t\t\t\t<\/div>\n\t\t\t\t<\/div>\n\t\t\t\t\t<\/div>\n\t\t<\/div>\n\t\t\t\t\t<\/div>\n\t\t<\/section>\n\t\t\t\t<section class=\"elementor-section elementor-top-section elementor-element elementor-element-63eb1a6 elementor-section-full_width elementor-section-height-default elementor-section-height-default\" data-id=\"63eb1a6\" data-element_type=\"section\">\n\t\t\t\t\t\t<div class=\"elementor-container elementor-column-gap-no\">\n\t\t\t\t\t<div class=\"elementor-column elementor-col-100 elementor-top-column elementor-element elementor-element-cdc1e88\" data-id=\"cdc1e88\" data-element_type=\"column\">\n\t\t\t<div class=\"elementor-widget-wrap elementor-element-populated\">\n\t\t\t\t\t\t<div class=\"elementor-element elementor-element-6ec0778 elementor-widget elementor-widget-heading\" data-id=\"6ec0778\" data-element_type=\"widget\" data-widget_type=\"heading.default\">\n\t\t\t\t<div class=\"elementor-widget-container\">\n\t\t\t\t\t<span class=\"elementor-heading-title elementor-size-default\">\u00a1Te regalamos un c\u00f3digo de descuento especial!<\/span>\t\t\t\t<\/div>\n\t\t\t\t<\/div>\n\t\t\t\t<div class=\"elementor-element elementor-element-bfef303 elementor-widget elementor-widget-text-editor\" data-id=\"bfef303\" data-element_type=\"widget\" data-widget_type=\"text-editor.default\">\n\t\t\t\t<div class=\"elementor-widget-container\">\n\t\t\t\t\t\t\t\t\t<p>\u00danicamente ind\u00edcanos la informaci\u00f3n de tu evento y te enviamos un dise\u00f1o con el c\u00f3digo para que lo compartas con todas tus invitadas.<\/p>\t\t\t\t\t\t\t\t<\/div>\n\t\t\t\t<\/div>\n\t\t\t\t<div class=\"elementor-element elementor-element-8edb6da elementor-widget elementor-widget-text-editor\" data-id=\"8edb6da\" data-element_type=\"widget\" data-widget_type=\"text-editor.default\">\n\t\t\t\t<div class=\"elementor-widget-container\">\n\t\t\t\t\t\t\t\t\t<p><div class='fluentform ff-default fluentform_wrapper_5 ffs_custom_wrap'><form data-form_id=\"5\" id=\"fluentform_5\" class=\"frm-fluent-form fluent_form_5 ff-el-form-top ff_form_instance_5_1 ff-form-loading ffs_custom\" data-form_instance=\"ff_form_instance_5_1\" method=\"POST\" ><fieldset  style=\"border: none!important;margin: 0!important;padding: 0!important;background-color: transparent!important;box-shadow: none!important;outline: none!important; min-inline-size: 100%;\">\n                    <legend class=\"ff_screen_reader_title\" style=\"display: block; margin: 0!important;padding: 0!important;height: 0!important;text-indent: -999999px;width: 0!important;overflow:hidden;\">Registra tu Evento(#5)<\/legend><input type='hidden' name='__fluent_form_embded_post_id' value='702' \/><input type=\"hidden\" id=\"_fluentform_5_fluentformnonce\" name=\"_fluentform_5_fluentformnonce\" value=\"1a56efc433\" \/><input type=\"hidden\" name=\"_wp_http_referer\" value=\"\/co\/wp-json\/wp\/v2\/pages\/702\" \/><div data-type=\"name-element\" data-name=\"names\" class=\" ff-field_container ff-name-field-wrapper\" ><div class='ff-t-container'><div class='ff-t-cell '><div class='ff-el-group'><div class=\"ff-el-input--label ff-el-is-required asterisk-right\"><label for='ff_5_names_first_name_' > Nombres de los Novios, Quincea\u00f1era, Escuela Graduada o Evento<\/label><\/div><div class='ff-el-input--content'><input type=\"text\" name=\"names[first_name]\" id=\"ff_5_names_first_name_\" class=\"ff-el-form-control\" placeholder=\"Nombres\" aria-invalid=\"false\" aria-required=true><\/div><\/div><\/div><\/div><\/div><div data-name=\"ff_cn_id_1\"  class='ff-t-container ff-column-container ff_columns_total_2  '><div class='ff-t-cell ff-t-column-1' style='flex-basis: 50%;'><div class='ff-el-group'><div class=\"ff-el-input--label ff-el-is-required asterisk-right\"><label for='ff_5_email' aria-label=\"Email\">Email<\/label><\/div><div class='ff-el-input--content'><input type=\"email\" name=\"email\" id=\"ff_5_email\" class=\"ff-el-form-control\" placeholder=\" nombre@micorreo.com\" data-name=\"email\"  aria-invalid=\"false\" aria-required=true><\/div><\/div><\/div><div class='ff-t-cell ff-t-column-2' style='flex-basis: 50%;'><div class='ff-el-group'><div class=\"ff-el-input--label ff-el-is-required asterisk-right\"><label for='ff_5_phone' aria-label=\"Tel\u00e9fono\">Tel\u00e9fono<\/label><\/div><div class='ff-el-input--content'><input name=\"phone\" class=\"ff-el-form-control ff-el-phone\" type=\"tel\" placeholder=\"+57 322 7446950\" data-name=\"phone\" id=\"ff_5_phone\" inputmode=\"tel\"  aria-invalid='false' aria-required=true><\/div><\/div><\/div><\/div><div data-name=\"ff_cn_id_2\"  class='ff-t-container ff-column-container ff_columns_total_2  '><div class='ff-t-cell ff-t-column-1' style='flex-basis: 50%;'><div class='ff-el-group'><div class=\"ff-el-input--label ff-el-is-required asterisk-right\"><label for='ff_5_dropdown' aria-label=\"Ciudad del Evento\">Ciudad del Evento<\/label><\/div><div class='ff-el-input--content'><select name=\"dropdown\" id=\"ff_5_dropdown\" class=\"ff-el-form-control\" data-name=\"dropdown\" data-calc_value=\"0\"  aria-invalid=\"false\" aria-required=true><option value=\"\">&#8211; Select &#8211;<\/option><option value=\" Bogot\u00e1\"  >Bogot\u00e1<\/option><option value=\" Medell\u00edn\"  >Medell\u00edn<\/option><option value=\" Cartagena\"  >Cartagena<\/option><option value=\" Cal\u00ed\"  >Cal\u00ed<\/option><option value=\" Barranquilla\"  >Barranquilla<\/option><option value=\" Santa Marta\"  >Santa Marta<\/option><option value=\" Bucaramanga\"  >Bucaramanga<\/option><\/select><\/div><\/div><\/div><div class='ff-t-cell ff-t-column-2' style='flex-basis: 50%;'><div class='ff-el-group'><div class=\"ff-el-input--label ff-el-is-required asterisk-right\"><label for='ff_5_datetime' aria-label=\"Fecha del Evento\">Fecha del Evento<\/label><\/div><div class='ff-el-input--content'><input  aria-label='Fecha del Evento Usa las flechas para navegar por las fechas. Pulsa Intro para seleccionar una fecha.'  aria-haspopup='dialog' data-type-datepicker data-format='d\/m\/Y' type=\"text\" name=\"datetime\" id=\"ff_5_datetime\" class=\"ff-el-form-control ff-el-datepicker\" data-name=\"datetime\"  aria-invalid='false' aria-required=true><\/div><\/div><\/div><\/div><div class='ff-el-group'><div class=\"ff-el-input--label asterisk-right\"><label for='ff_5_description' aria-label=\"Comentarios\">Comentarios<\/label><\/div><div class='ff-el-input--content'><textarea aria-invalid=\"false\" aria-required=false name=\"description\" id=\"ff_5_description\" class=\"ff-el-form-control\" placeholder=\" Me gustar\u00eda que tomaran en cuenta ...\" rows=\"4\" cols=\"2\" data-name=\"description\" ><\/textarea><\/div><\/div><div class='ff-el-group ff-text-center ff_submit_btn_wrapper'><button type=\"submit\" class=\"ff-btn ff-btn-submit ff-btn-md ff_btn_style wpf_has_custom_css\" >\u00a1Quiero mi c\u00f3digo!<\/button><\/div><\/fieldset><\/form><div id='fluentform_5_errors' class='ff-errors-in-stack ff_form_instance_5_1 ff-form-loading_errors ff_form_instance_5_1_errors'><\/div><\/div>            <script type=\"text\/javascript\">\n                window.fluent_form_ff_form_instance_5_1 = {\"id\":\"5\",\"settings\":{\"layout\":{\"labelPlacement\":\"top\",\"asteriskPlacement\":\"asterisk-right\",\"helpMessagePlacement\":\"with_label\",\"errorMessagePlacement\":\"inline\",\"cssClassName\":\"\"},\"restrictions\":{\"denyEmptySubmission\":{\"enabled\":false}}},\"form_instance\":\"ff_form_instance_5_1\",\"form_id_selector\":\"fluentform_5\",\"rules\":{\"names[first_name]\":{\"required\":{\"value\":true,\"message\":\"Este campo es obligatorio\",\"global\":true,\"global_message\":\"Este campo es obligatorio\"}},\"names[middle_name]\":{\"required\":{\"value\":false,\"message\":\"Este campo es obligatorio\",\"global\":true,\"global_message\":\"Este campo es obligatorio\"}},\"names[last_name]\":{\"required\":{\"value\":false,\"message\":\"Este campo es obligatorio\",\"global\":true,\"global_message\":\"Este campo es obligatorio\"}},\"email\":{\"required\":{\"value\":true,\"message\":\"Este campo es obligatorio\",\"global\":true,\"global_message\":\"Este campo es obligatorio\"},\"email\":{\"value\":true,\"message\":\"Este campo debe contener un correo electr\\u00f3nico v\\u00e1lido\",\"global\":true,\"global_message\":\"Este campo debe contener un correo electr\\u00f3nico v\\u00e1lido\"}},\"phone\":{\"required\":{\"value\":true,\"global\":true,\"message\":\"Este campo es obligatorio\",\"global_message\":\"Este campo es obligatorio\"},\"valid_phone_number\":{\"value\":false,\"global\":true,\"message\":\"El n\\u00famero de tel\\u00e9fono no es v\\u00e1lido\",\"global_message\":\"El n\\u00famero de tel\\u00e9fono no es v\\u00e1lido \"}},\"dropdown\":{\"required\":{\"value\":true,\"message\":\"Este campo es obligatorio\",\"global_message\":\"Este campo es obligatorio\",\"global\":true}},\"datetime\":{\"required\":{\"value\":true,\"message\":\"Este campo es obligatorio\",\"global_message\":\"Este campo es obligatorio\",\"global\":true}},\"description\":{\"required\":{\"value\":false,\"message\":\"Este campo es obligatorio\",\"global\":true,\"global_message\":\"Este campo es obligatorio\"}}},\"debounce_time\":300};\n                            <\/script>\n            <\/p>\t\t\t\t\t\t\t\t<\/div>\n\t\t\t\t<\/div>\n\t\t\t\t\t<\/div>\n\t\t<\/div>\n\t\t\t\t\t<\/div>\n\t\t<\/section>\n\t\t\t\t<\/div>\n\t\t","protected":false},"excerpt":{"rendered":"<p>Registra tu Evento Somos tu mejor aliado en Peinado y Maquillaje para Boda, XV A\u00f1os, Graduaci\u00f3n, Cumplea\u00f1os, Aniversario o cualquier evento. No necesitas involucrarte en nada, nosotros nos encargamos de todo. Atendemos en casa, hotel o Airbnb. Cada invitada elige. Contacto y asignaci\u00f3n de servicios preferencial. Coaches y equipo de atenci\u00f3n al cliente biling\u00fces. \u00a1Te [&hellip;]<\/p>\n","protected":false},"author":3,"featured_media":0,"parent":0,"menu_order":0,"comment_status":"closed","ping_status":"closed","template":"","meta":{"_acf_changed":false,"footnotes":""},"class_list":["post-702","page","type-page","status-publish","hentry"],"acf":[],"_links":{"self":[{"href":"https:\/\/foriu.com\/co\/wp-json\/wp\/v2\/pages\/702","targetHints":{"allow":["GET"]}}],"collection":[{"href":"https:\/\/foriu.com\/co\/wp-json\/wp\/v2\/pages"}],"about":[{"href":"https:\/\/foriu.com\/co\/wp-json\/wp\/v2\/types\/page"}],"author":[{"embeddable":true,"href":"https:\/\/foriu.com\/co\/wp-json\/wp\/v2\/users\/3"}],"replies":[{"embeddable":true,"href":"https:\/\/foriu.com\/co\/wp-json\/wp\/v2\/comments?post=702"}],"version-history":[{"count":27,"href":"https:\/\/foriu.com\/co\/wp-json\/wp\/v2\/pages\/702\/revisions"}],"predecessor-version":[{"id":9772,"href":"https:\/\/foriu.com\/co\/wp-json\/wp\/v2\/pages\/702\/revisions\/9772"}],"wp:attachment":[{"href":"https:\/\/foriu.com\/co\/wp-json\/wp\/v2\/media?parent=702"}],"curies":[{"name":"wp","href":"https:\/\/api.w.org\/{rel}","templated":true}]}}